{"id":1141,"date":"2021-06-25T11:13:54","date_gmt":"2021-06-25T11:13:54","guid":{"rendered":"https:\/\/restaurantcannarra.com\/contacte\/"},"modified":"2021-06-25T11:46:11","modified_gmt":"2021-06-25T11:46:11","slug":"contacte-situacio-restaurant-llanca","status":"publish","type":"page","link":"https:\/\/restaurantcannarra.com\/ca\/contacte-situacio-restaurant-llanca\/","title":{"rendered":"Contacte"},"content":{"rendered":"\t\t<div data-elementor-type=\"wp-page\" data-elementor-id=\"1141\" class=\"elementor elementor-1141 elementor-23\" data-elementor-post-type=\"page\">\n\t\t\t\t\t\t<section class=\"elementor-section elementor-top-section elementor-element elementor-element-47fcdac1 elementor-section-boxed elementor-section-height-default elementor-section-height-default\" data-id=\"47fcdac1\" data-element_type=\"section\" data-settings=\"{&quot;background_background&quot;:&quot;classic&quot;}\">\n\t\t\t\t\t\t\t<div class=\"elementor-background-overlay\"><\/div>\n\t\t\t\t\t\t\t<div class=\"elementor-container elementor-column-gap-default\">\n\t\t\t\t\t<div class=\"elementor-column elementor-col-100 elementor-top-column elementor-element elementor-element-5d1c6423\" data-id=\"5d1c6423\" data-element_type=\"column\">\n\t\t\t<div class=\"elementor-widget-wrap elementor-element-populated\">\n\t\t\t\t\t\t<div class=\"elementor-element elementor-element-4278f471 elementor-widget elementor-widget-heading\" data-id=\"4278f471\" data-element_type=\"widget\" data-widget_type=\"heading.default\">\n\t\t\t\t<div class=\"elementor-widget-container\">\n\t\t\t\t\t<h2 class=\"elementor-heading-title elementor-size-default\">Contacte i Situaci\u00f3<\/h2>\t\t\t\t<\/div>\n\t\t\t\t<\/div>\n\t\t\t\t<div class=\"elementor-element elementor-element-5d5e19bb elementor-widget-divider--view-line elementor-widget elementor-widget-divider\" data-id=\"5d5e19bb\" data-element_type=\"widget\" data-widget_type=\"divider.default\">\n\t\t\t\t<div class=\"elementor-widget-container\">\n\t\t\t\t\t\t\t<div class=\"elementor-divider\">\n\t\t\t<span class=\"elementor-divider-separator\">\n\t\t\t\t\t\t<\/span>\n\t\t<\/div>\n\t\t\t\t\t\t<\/div>\n\t\t\t\t<\/div>\n\t\t\t\t\t<\/div>\n\t\t<\/div>\n\t\t\t\t\t<\/div>\n\t\t<\/section>\n\t\t\t\t<section class=\"elementor-section elementor-top-section elementor-element elementor-element-5c99d939 elementor-section-boxed elementor-section-height-default elementor-section-height-default\" data-id=\"5c99d939\" data-element_type=\"section\">\n\t\t\t\t\t\t<div class=\"elementor-container elementor-column-gap-no\">\n\t\t\t\t\t<div class=\"elementor-column elementor-col-100 elementor-top-column elementor-element elementor-element-7391f80e\" data-id=\"7391f80e\" data-element_type=\"column\">\n\t\t\t<div class=\"elementor-widget-wrap elementor-element-populated\">\n\t\t\t\t\t\t<section class=\"elementor-section elementor-inner-section elementor-element elementor-element-e0bef2e elementor-section-boxed elementor-section-height-default elementor-section-height-default\" data-id=\"e0bef2e\" data-element_type=\"section\">\n\t\t\t\t\t\t<div class=\"elementor-container elementor-column-gap-no\">\n\t\t\t\t\t<div class=\"elementor-column elementor-col-50 elementor-inner-column elementor-element elementor-element-5eb47c9\" data-id=\"5eb47c9\" data-element_type=\"column\">\n\t\t\t<div class=\"elementor-widget-wrap elementor-element-populated\">\n\t\t\t\t\t\t<div class=\"elementor-element elementor-element-f69aa8e elementor-widget elementor-widget-heading\" data-id=\"f69aa8e\" data-element_type=\"widget\" data-widget_type=\"heading.default\">\n\t\t\t\t<div class=\"elementor-widget-container\">\n\t\t\t\t\t<h1 class=\"elementor-heading-title elementor-size-default\">Restaurant Can Narra<\/h1>\t\t\t\t<\/div>\n\t\t\t\t<\/div>\n\t\t\t\t<div class=\"elementor-element elementor-element-831e068 elementor-view-stacked elementor-position-left elementor-shape-circle elementor-mobile-position-top elementor-widget elementor-widget-icon-box\" data-id=\"831e068\" data-element_type=\"widget\" data-widget_type=\"icon-box.default\">\n\t\t\t\t<div class=\"elementor-widget-container\">\n\t\t\t\t\t\t\t<div class=\"elementor-icon-box-wrapper\">\n\n\t\t\t\t\t\t<div class=\"elementor-icon-box-icon\">\n\t\t\t\t<span  class=\"elementor-icon\">\n\t\t\t\t<i aria-hidden=\"true\" class=\"fas fa-map-marker\"><\/i>\t\t\t\t<\/span>\n\t\t\t<\/div>\n\t\t\t\n\t\t\t\t\t\t<div class=\"elementor-icon-box-content\">\n\n\t\t\t\t\t\t\t\t\t<h3 class=\"elementor-icon-box-title\">\n\t\t\t\t\t\t<span  >\n\t\t\t\t\t\t\tAdre\u00e7a\t\t\t\t\t\t<\/span>\n\t\t\t\t\t<\/h3>\n\t\t\t\t\n\t\t\t\t\t\t\t\t\t<p class=\"elementor-icon-box-description\">\n\t\t\t\t\t\tC. Castellar, 37 - 17490 Llan\u00e7\u00e0 (Girona)\t\t\t\t\t<\/p>\n\t\t\t\t\n\t\t\t<\/div>\n\t\t\t\n\t\t<\/div>\n\t\t\t\t\t\t<\/div>\n\t\t\t\t<\/div>\n\t\t\t\t<div class=\"elementor-element elementor-element-a7f7049 elementor-view-stacked elementor-position-left elementor-shape-circle elementor-mobile-position-top elementor-widget elementor-widget-icon-box\" data-id=\"a7f7049\" data-element_type=\"widget\" data-widget_type=\"icon-box.default\">\n\t\t\t\t<div class=\"elementor-widget-container\">\n\t\t\t\t\t\t\t<div class=\"elementor-icon-box-wrapper\">\n\n\t\t\t\t\t\t<div class=\"elementor-icon-box-icon\">\n\t\t\t\t<span  class=\"elementor-icon\">\n\t\t\t\t<i aria-hidden=\"true\" class=\"fas fa-phone\"><\/i>\t\t\t\t<\/span>\n\t\t\t<\/div>\n\t\t\t\n\t\t\t\t\t\t<div class=\"elementor-icon-box-content\">\n\n\t\t\t\t\t\t\t\t\t<h3 class=\"elementor-icon-box-title\">\n\t\t\t\t\t\t<span  >\n\t\t\t\t\t\t\tTel\u00e8fon\t\t\t\t\t\t<\/span>\n\t\t\t\t\t<\/h3>\n\t\t\t\t\n\t\t\t\t\t\t\t\t\t<p class=\"elementor-icon-box-description\">\n\t\t\t\t\t\t+34 972 380 178  <br>\n  +34 972 121 078  \t\t\t\t\t<\/p>\n\t\t\t\t\n\t\t\t<\/div>\n\t\t\t\n\t\t<\/div>\n\t\t\t\t\t\t<\/div>\n\t\t\t\t<\/div>\n\t\t\t\t<div class=\"elementor-element elementor-element-93d37f9 elementor-view-stacked elementor-position-left elementor-shape-circle elementor-mobile-position-top elementor-widget elementor-widget-icon-box\" data-id=\"93d37f9\" data-element_type=\"widget\" data-widget_type=\"icon-box.default\">\n\t\t\t\t<div class=\"elementor-widget-container\">\n\t\t\t\t\t\t\t<div class=\"elementor-icon-box-wrapper\">\n\n\t\t\t\t\t\t<div class=\"elementor-icon-box-icon\">\n\t\t\t\t<span  class=\"elementor-icon\">\n\t\t\t\t<i aria-hidden=\"true\" class=\"fas fa-envelope\"><\/i>\t\t\t\t<\/span>\n\t\t\t<\/div>\n\t\t\t\n\t\t\t\t\t\t<div class=\"elementor-icon-box-content\">\n\n\t\t\t\t\t\t\t\t\t<h3 class=\"elementor-icon-box-title\">\n\t\t\t\t\t\t<span  >\n\t\t\t\t\t\t\tEmail\t\t\t\t\t\t<\/span>\n\t\t\t\t\t<\/h3>\n\t\t\t\t\n\t\t\t\t\t\t\t\t\t<p class=\"elementor-icon-box-description\">\n\t\t\t\t\t\tinfo@restaurantcannarra.com\t\t\t\t\t<\/p>\n\t\t\t\t\n\t\t\t<\/div>\n\t\t\t\n\t\t<\/div>\n\t\t\t\t\t\t<\/div>\n\t\t\t\t<\/div>\n\t\t\t\t\t<\/div>\n\t\t<\/div>\n\t\t\t\t<div class=\"elementor-column elementor-col-50 elementor-inner-column elementor-element elementor-element-d104efe\" data-id=\"d104efe\" data-element_type=\"column\">\n\t\t\t<div class=\"elementor-widget-wrap elementor-element-populated\">\n\t\t\t\t\t\t<div class=\"elementor-element elementor-element-d7a08a2 elementor-widget elementor-widget-heading\" data-id=\"d7a08a2\" data-element_type=\"widget\" data-widget_type=\"heading.default\">\n\t\t\t\t<div class=\"elementor-widget-container\">\n\t\t\t\t\t<h2 class=\"elementor-heading-title elementor-size-default\">Mapa Google<\/h2>\t\t\t\t<\/div>\n\t\t\t\t<\/div>\n\t\t\t\t<div class=\"elementor-element elementor-element-a4d08c3 elementor-widget elementor-widget-html\" data-id=\"a4d08c3\" data-element_type=\"widget\" data-widget_type=\"html.default\">\n\t\t\t\t<div class=\"elementor-widget-container\">\n\t\t\t\t\t<iframe src=\"https:\/\/www.google.com\/maps\/embed?pb=!1m18!1m12!1m3!1d2947.6583254821376!2d3.1609137154566636!3d42.371120379186145!2m3!1f0!2f0!3f0!3m2!1i1024!2i768!4f13.1!3m3!1m2!1s0x0%3A0xaf5179c2a4c485f5!2sRestaurant%20Can%20Narra%20Llan%C3%A7%C3%A0!5e0!3m2!1ses!2ses!4v1624455530663!5m2!1ses!2ses\" width=\"100%\" height=\"450\" style=\"border:0;\" allowfullscreen=\"\" loading=\"lazy\"><\/iframe>\t\t\t\t<\/div>\n\t\t\t\t<\/div>\n\t\t\t\t\t<\/div>\n\t\t<\/div>\n\t\t\t\t\t<\/div>\n\t\t<\/section>\n\t\t\t\t\t<\/div>\n\t\t<\/div>\n\t\t\t\t\t<\/div>\n\t\t<\/section>\n\t\t\t\t<\/div>\n\t\t","protected":false},"excerpt":{"rendered":"<p>Contacte i Situaci\u00f3 Restaurant Can Narra Adre\u00e7a C. Castellar, 37 &#8211; 17490 Llan\u00e7\u00e0 (Girona) Tel\u00e8fon +34 972 380 178 +34 972 121 078 Email info@restaurantcannarra.com Mapa Google<\/p>\n","protected":false},"author":1,"featured_media":0,"parent":0,"menu_order":0,"comment_status":"closed","ping_status":"closed","template":"","meta":{"_exactmetrics_skip_tracking":false,"_exactmetrics_sitenote_active":false,"_exactmetrics_sitenote_note":"","_exactmetrics_sitenote_category":0,"ocean_post_layout":"","ocean_both_sidebars_style":"","ocean_both_sidebars_content_width":0,"ocean_both_sidebars_sidebars_width":0,"ocean_sidebar":"0","ocean_second_sidebar":"0","ocean_disable_margins":"enable","ocean_add_body_class":"","ocean_shortcode_before_top_bar":"","ocean_shortcode_after_top_bar":"","ocean_shortcode_before_header":"","ocean_shortcode_after_header":"","ocean_has_shortcode":"","ocean_shortcode_after_title":"","ocean_shortcode_before_footer_widgets":"","ocean_shortcode_after_footer_widgets":"","ocean_shortcode_before_footer_bottom":"","ocean_shortcode_after_footer_bottom":"","ocean_display_top_bar":"default","ocean_display_header":"default","ocean_header_style":"","ocean_center_header_left_menu":"0","ocean_custom_header_template":"0","ocean_custom_logo":0,"ocean_custom_retina_logo":0,"ocean_custom_logo_max_width":0,"ocean_custom_logo_tablet_max_width":0,"ocean_custom_logo_mobile_max_width":0,"ocean_custom_logo_max_height":0,"ocean_custom_logo_tablet_max_height":0,"ocean_custom_logo_mobile_max_height":0,"ocean_header_custom_menu":"0","ocean_menu_typo_font_family":"0","ocean_menu_typo_font_subset":"","ocean_menu_typo_font_size":0,"ocean_menu_typo_font_size_tablet":0,"ocean_menu_typo_font_size_mobile":0,"ocean_menu_typo_font_size_unit":"px","ocean_menu_typo_font_weight":"","ocean_menu_typo_font_weight_tablet":"","ocean_menu_typo_font_weight_mobile":"","ocean_menu_typo_transform":"","ocean_menu_typo_transform_tablet":"","ocean_menu_typo_transform_mobile":"","ocean_menu_typo_line_height":0,"ocean_menu_typo_line_height_tablet":0,"ocean_menu_typo_line_height_mobile":0,"ocean_menu_typo_line_height_unit":"","ocean_menu_typo_spacing":0,"ocean_menu_typo_spacing_tablet":0,"ocean_menu_typo_spacing_mobile":0,"ocean_menu_typo_spacing_unit":"","ocean_menu_link_color":"","ocean_menu_link_color_hover":"","ocean_menu_link_color_active":"","ocean_menu_link_background":"","ocean_menu_link_hover_background":"","ocean_menu_link_active_background":"","ocean_menu_social_links_bg":"","ocean_menu_social_hover_links_bg":"","ocean_menu_social_links_color":"","ocean_menu_social_hover_links_color":"","ocean_disable_title":"on","ocean_disable_heading":"default","ocean_post_title":"","ocean_post_subheading":"","ocean_post_title_style":"","ocean_post_title_background_color":"","ocean_post_title_background":0,"ocean_post_title_bg_image_position":"","ocean_post_title_bg_image_attachment":"","ocean_post_title_bg_image_repeat":"","ocean_post_title_bg_image_size":"","ocean_post_title_height":0,"ocean_post_title_bg_overlay":0.5,"ocean_post_title_bg_overlay_color":"","ocean_disable_breadcrumbs":"default","ocean_breadcrumbs_color":"","ocean_breadcrumbs_separator_color":"","ocean_breadcrumbs_links_color":"","ocean_breadcrumbs_links_hover_color":"","ocean_display_footer_widgets":"default","ocean_display_footer_bottom":"default","ocean_custom_footer_template":"0","footnotes":""},"class_list":["post-1141","page","type-page","status-publish","hentry","entry"],"yoast_head":"<!-- This site is optimized with the Yoast SEO plugin v27.5 - https:\/\/yoast.com\/product\/yoast-seo-wordpress\/ -->\n<title>Contacte - Restaurante Can Narra - Llan\u00e7a - Alt Emporda - Girona - Costa Brava.<\/title>\n<meta name=\"robots\" content=\"index, follow, max-snippet:-1, max-image-preview:large, max-video-preview:-1\" \/>\n<link rel=\"canonical\" href=\"https:\/\/restaurantcannarra.com\/ca\/contacte-situacio-restaurant-llanca\/\" \/>\n<meta property=\"og:locale\" content=\"ca_ES\" \/>\n<meta property=\"og:type\" content=\"article\" \/>\n<meta property=\"og:title\" content=\"Contacte - Restaurante Can Narra - Llan\u00e7a - Alt Emporda - Girona - Costa Brava.\" \/>\n<meta property=\"og:description\" content=\"Contacte i Situaci\u00f3 Restaurant Can Narra Adre\u00e7a C. Castellar, 37 &#8211; 17490 Llan\u00e7\u00e0 (Girona) Tel\u00e8fon +34 972 380 178 +34 972 121 078 Email info@restaurantcannarra.com Mapa Google\" \/>\n<meta property=\"og:url\" content=\"https:\/\/restaurantcannarra.com\/ca\/contacte-situacio-restaurant-llanca\/\" \/>\n<meta property=\"og:site_name\" content=\"Restaurante Can Narra - Llan\u00e7a - Alt Emporda - Girona - Costa Brava.\" \/>\n<meta property=\"article:publisher\" content=\"https:\/\/www.facebook.com\/restaurantcannarra\" \/>\n<meta property=\"article:modified_time\" content=\"2021-06-25T11:46:11+00:00\" \/>\n<meta name=\"twitter:card\" content=\"summary_large_image\" \/>\n<script type=\"application\/ld+json\" class=\"yoast-schema-graph\">{\"@context\":\"https:\\\/\\\/schema.org\",\"@graph\":[{\"@type\":\"WebPage\",\"@id\":\"https:\\\/\\\/restaurantcannarra.com\\\/ca\\\/contacte-situacio-restaurant-llanca\\\/\",\"url\":\"https:\\\/\\\/restaurantcannarra.com\\\/ca\\\/contacte-situacio-restaurant-llanca\\\/\",\"name\":\"Contacte - Restaurante Can Narra - Llan\u00e7a - Alt Emporda - Girona - Costa Brava.\",\"isPartOf\":{\"@id\":\"https:\\\/\\\/restaurantcannarra.com\\\/#website\"},\"datePublished\":\"2021-06-25T11:13:54+00:00\",\"dateModified\":\"2021-06-25T11:46:11+00:00\",\"breadcrumb\":{\"@id\":\"https:\\\/\\\/restaurantcannarra.com\\\/ca\\\/contacte-situacio-restaurant-llanca\\\/#breadcrumb\"},\"inLanguage\":\"ca\",\"potentialAction\":[{\"@type\":\"ReadAction\",\"target\":[\"https:\\\/\\\/restaurantcannarra.com\\\/ca\\\/contacte-situacio-restaurant-llanca\\\/\"]}]},{\"@type\":\"BreadcrumbList\",\"@id\":\"https:\\\/\\\/restaurantcannarra.com\\\/ca\\\/contacte-situacio-restaurant-llanca\\\/#breadcrumb\",\"itemListElement\":[{\"@type\":\"ListItem\",\"position\":1,\"name\":\"Portada\",\"item\":\"https:\\\/\\\/restaurantcannarra.com\\\/ca\\\/\"},{\"@type\":\"ListItem\",\"position\":2,\"name\":\"Contacte\"}]},{\"@type\":\"WebSite\",\"@id\":\"https:\\\/\\\/restaurantcannarra.com\\\/#website\",\"url\":\"https:\\\/\\\/restaurantcannarra.com\\\/\",\"name\":\"Restaurante Can Narra - Llan\u00e7a - Alt Emporda - Girona - Costa Brava.\",\"description\":\"El Restaurante Can Narra somos uno de los establecimientos con m\u00e1s historia de esta localidad costera del Alt Empord\u00e0\",\"publisher\":{\"@id\":\"https:\\\/\\\/restaurantcannarra.com\\\/#organization\"},\"potentialAction\":[{\"@type\":\"SearchAction\",\"target\":{\"@type\":\"EntryPoint\",\"urlTemplate\":\"https:\\\/\\\/restaurantcannarra.com\\\/?s={search_term_string}\"},\"query-input\":{\"@type\":\"PropertyValueSpecification\",\"valueRequired\":true,\"valueName\":\"search_term_string\"}}],\"inLanguage\":\"ca\"},{\"@type\":\"Organization\",\"@id\":\"https:\\\/\\\/restaurantcannarra.com\\\/#organization\",\"name\":\"RESTAURANT CAN NARRA\",\"url\":\"https:\\\/\\\/restaurantcannarra.com\\\/\",\"logo\":{\"@type\":\"ImageObject\",\"inLanguage\":\"ca\",\"@id\":\"https:\\\/\\\/restaurantcannarra.com\\\/#\\\/schema\\\/logo\\\/image\\\/\",\"url\":\"https:\\\/\\\/restaurantcannarra.com\\\/wp-content\\\/uploads\\\/2021\\\/06\\\/logo.png\",\"contentUrl\":\"https:\\\/\\\/restaurantcannarra.com\\\/wp-content\\\/uploads\\\/2021\\\/06\\\/logo.png\",\"width\":250,\"height\":81,\"caption\":\"RESTAURANT CAN NARRA\"},\"image\":{\"@id\":\"https:\\\/\\\/restaurantcannarra.com\\\/#\\\/schema\\\/logo\\\/image\\\/\"},\"sameAs\":[\"https:\\\/\\\/www.facebook.com\\\/restaurantcannarra\",\"https:\\\/\\\/www.instagram.com\\\/can_narra\\\/\"]}]}<\/script>\n<!-- \/ Yoast SEO plugin. -->","yoast_head_json":{"title":"Contacte - Restaurante Can Narra - Llan\u00e7a - Alt Emporda - Girona - Costa Brava.","robots":{"index":"index","follow":"follow","max-snippet":"max-snippet:-1","max-image-preview":"max-image-preview:large","max-video-preview":"max-video-preview:-1"},"canonical":"https:\/\/restaurantcannarra.com\/ca\/contacte-situacio-restaurant-llanca\/","og_locale":"ca_ES","og_type":"article","og_title":"Contacte - Restaurante Can Narra - Llan\u00e7a - Alt Emporda - Girona - Costa Brava.","og_description":"Contacte i Situaci\u00f3 Restaurant Can Narra Adre\u00e7a C. Castellar, 37 &#8211; 17490 Llan\u00e7\u00e0 (Girona) Tel\u00e8fon +34 972 380 178 +34 972 121 078 Email info@restaurantcannarra.com Mapa Google","og_url":"https:\/\/restaurantcannarra.com\/ca\/contacte-situacio-restaurant-llanca\/","og_site_name":"Restaurante Can Narra - Llan\u00e7a - Alt Emporda - Girona - Costa Brava.","article_publisher":"https:\/\/www.facebook.com\/restaurantcannarra","article_modified_time":"2021-06-25T11:46:11+00:00","twitter_card":"summary_large_image","schema":{"@context":"https:\/\/schema.org","@graph":[{"@type":"WebPage","@id":"https:\/\/restaurantcannarra.com\/ca\/contacte-situacio-restaurant-llanca\/","url":"https:\/\/restaurantcannarra.com\/ca\/contacte-situacio-restaurant-llanca\/","name":"Contacte - Restaurante Can Narra - Llan\u00e7a - Alt Emporda - Girona - Costa Brava.","isPartOf":{"@id":"https:\/\/restaurantcannarra.com\/#website"},"datePublished":"2021-06-25T11:13:54+00:00","dateModified":"2021-06-25T11:46:11+00:00","breadcrumb":{"@id":"https:\/\/restaurantcannarra.com\/ca\/contacte-situacio-restaurant-llanca\/#breadcrumb"},"inLanguage":"ca","potentialAction":[{"@type":"ReadAction","target":["https:\/\/restaurantcannarra.com\/ca\/contacte-situacio-restaurant-llanca\/"]}]},{"@type":"BreadcrumbList","@id":"https:\/\/restaurantcannarra.com\/ca\/contacte-situacio-restaurant-llanca\/#breadcrumb","itemListElement":[{"@type":"ListItem","position":1,"name":"Portada","item":"https:\/\/restaurantcannarra.com\/ca\/"},{"@type":"ListItem","position":2,"name":"Contacte"}]},{"@type":"WebSite","@id":"https:\/\/restaurantcannarra.com\/#website","url":"https:\/\/restaurantcannarra.com\/","name":"Restaurante Can Narra - Llan\u00e7a - Alt Emporda - Girona - Costa Brava.","description":"El Restaurante Can Narra somos uno de los establecimientos con m\u00e1s historia de esta localidad costera del Alt Empord\u00e0","publisher":{"@id":"https:\/\/restaurantcannarra.com\/#organization"},"potentialAction":[{"@type":"SearchAction","target":{"@type":"EntryPoint","urlTemplate":"https:\/\/restaurantcannarra.com\/?s={search_term_string}"},"query-input":{"@type":"PropertyValueSpecification","valueRequired":true,"valueName":"search_term_string"}}],"inLanguage":"ca"},{"@type":"Organization","@id":"https:\/\/restaurantcannarra.com\/#organization","name":"RESTAURANT CAN NARRA","url":"https:\/\/restaurantcannarra.com\/","logo":{"@type":"ImageObject","inLanguage":"ca","@id":"https:\/\/restaurantcannarra.com\/#\/schema\/logo\/image\/","url":"https:\/\/restaurantcannarra.com\/wp-content\/uploads\/2021\/06\/logo.png","contentUrl":"https:\/\/restaurantcannarra.com\/wp-content\/uploads\/2021\/06\/logo.png","width":250,"height":81,"caption":"RESTAURANT CAN NARRA"},"image":{"@id":"https:\/\/restaurantcannarra.com\/#\/schema\/logo\/image\/"},"sameAs":["https:\/\/www.facebook.com\/restaurantcannarra","https:\/\/www.instagram.com\/can_narra\/"]}]}},"_links":{"self":[{"href":"https:\/\/restaurantcannarra.com\/ca\/wp-json\/wp\/v2\/pages\/1141","targetHints":{"allow":["GET"]}}],"collection":[{"href":"https:\/\/restaurantcannarra.com\/ca\/wp-json\/wp\/v2\/pages"}],"about":[{"href":"https:\/\/restaurantcannarra.com\/ca\/wp-json\/wp\/v2\/types\/page"}],"author":[{"embeddable":true,"href":"https:\/\/restaurantcannarra.com\/ca\/wp-json\/wp\/v2\/users\/1"}],"replies":[{"embeddable":true,"href":"https:\/\/restaurantcannarra.com\/ca\/wp-json\/wp\/v2\/comments?post=1141"}],"version-history":[{"count":4,"href":"https:\/\/restaurantcannarra.com\/ca\/wp-json\/wp\/v2\/pages\/1141\/revisions"}],"predecessor-version":[{"id":1810,"href":"https:\/\/restaurantcannarra.com\/ca\/wp-json\/wp\/v2\/pages\/1141\/revisions\/1810"}],"wp:attachment":[{"href":"https:\/\/restaurantcannarra.com\/ca\/wp-json\/wp\/v2\/media?parent=1141"}],"curies":[{"name":"wp","href":"https:\/\/api.w.org\/{rel}","templated":true}]}}